{"id":171,"date":"2026-05-13T15:18:03","date_gmt":"2026-05-13T13:18:03","guid":{"rendered":"https:\/\/metaesthetics.net\/suisse\/?page_id=171"},"modified":"2026-05-13T16:02:16","modified_gmt":"2026-05-13T14:02:16","slug":"medecine-esthetique","status":"publish","type":"page","link":"https:\/\/metaesthetics.net\/suisse\/morges\/medecine-esthetique\/","title":{"rendered":"M\u00e9decine esth\u00e9tique"},"content":{"rendered":"\n<p>La m\u00e9decine esth\u00e9tique \u00e0 Morges regroupe l&#8217;ensemble des traitements non chirurgicaux destin\u00e9s \u00e0 corriger, harmoniser ou pr\u00e9venir les signes du vieillissement et les pr\u00e9occupations cutan\u00e9es. Parcourez ci-dessous les proc\u00e9dures propos\u00e9es par les praticiens certifi\u00e9s de la r\u00e9gion : indications, d\u00e9roulement, dur\u00e9e des r\u00e9sultats, risques et crit\u00e8res pour choisir le professionnel le mieux adapt\u00e9 \u00e0 votre projet.<\/p>\n\n\n\n<div class=\"wp-block-query is-layout-flow wp-block-query-is-layout-flow\"><ul class=\"wp-block-post-template is-layout-flow wp-block-post-template-is-layout-flow\"><li class=\"wp-block-post post-227 page type-page status-publish has-post-thumbnail hentry\">\n<h2 class=\"wp-block-post-title\"><a href=\"https:\/\/metaesthetics.net\/suisse\/morges\/medecine-esthetique\/acide-hyaluronique-a-morges-guide-complet-pour-choisir-votre-praticien-2026\/\" target=\"_self\" >Acide hyaluronique \u00e0 Morges : guide complet pour choisir votre praticien (2026)<\/a><\/h2>\n\n<div class=\"wp-block-post-excerpt\"><p class=\"wp-block-post-excerpt__excerpt\">Injections d&#8217;acide hyaluronique \u00e0 Morges : zones trait\u00e9es, dur\u00e9es, risques r\u00e9els et crit\u00e8res pour choisir un praticien certifi\u00e9 dans le canton de Vaud. Guide 2026. Sommaire Introduction : Morges et l&#8217;exigence du soin bien fait L&#8217;acide hyaluronique : ce que c&#8217;est vraiment Les zones trait\u00e9es et leurs r\u00e9sultats La consultation : \u00e9tape fondatrice D\u00e9roulement du&hellip; <\/p><\/div>\n<\/li><\/ul>\n\n\n\n<\/div>\n","protected":false},"excerpt":{"rendered":"<p>La m\u00e9decine esth\u00e9tique \u00e0 Morges regroupe l&#8217;ensemble des traitements non chirurgicaux destin\u00e9s \u00e0 corriger, harmoniser ou pr\u00e9venir les signes du vieillissement et les pr\u00e9occupations cutan\u00e9es. Parcourez ci-dessous les proc\u00e9dures propos\u00e9es par les praticiens certifi\u00e9s de la r\u00e9gion : indications, d\u00e9roulement, dur\u00e9e des r\u00e9sultats, risques et crit\u00e8res pour choisir le professionnel le mieux adapt\u00e9 \u00e0 votre [&hellip;]<\/p>\n","protected":false},"author":1,"featured_media":0,"parent":153,"menu_order":0,"comment_status":"closed","ping_status":"closed","template":"","meta":{"footnotes":""},"class_list":["post-171","page","type-page","status-publish","hentry"],"_links":{"self":[{"href":"https:\/\/metaesthetics.net\/suisse\/wp-json\/wp\/v2\/pages\/171","targetHints":{"allow":["GET"]}}],"collection":[{"href":"https:\/\/metaesthetics.net\/suisse\/wp-json\/wp\/v2\/pages"}],"about":[{"href":"https:\/\/metaesthetics.net\/suisse\/wp-json\/wp\/v2\/types\/page"}],"author":[{"embeddable":true,"href":"https:\/\/metaesthetics.net\/suisse\/wp-json\/wp\/v2\/users\/1"}],"replies":[{"embeddable":true,"href":"https:\/\/metaesthetics.net\/suisse\/wp-json\/wp\/v2\/comments?post=171"}],"version-history":[{"count":6,"href":"https:\/\/metaesthetics.net\/suisse\/wp-json\/wp\/v2\/pages\/171\/revisions"}],"predecessor-version":[{"id":281,"href":"https:\/\/metaesthetics.net\/suisse\/wp-json\/wp\/v2\/pages\/171\/revisions\/281"}],"up":[{"embeddable":true,"href":"https:\/\/metaesthetics.net\/suisse\/wp-json\/wp\/v2\/pages\/153"}],"wp:attachment":[{"href":"https:\/\/metaesthetics.net\/suisse\/wp-json\/wp\/v2\/media?parent=171"}],"curies":[{"name":"wp","href":"https:\/\/api.w.org\/{rel}","templated":true}]}}